{"id":35,"date":"2024-06-15T08:32:49","date_gmt":"2024-06-15T06:32:49","guid":{"rendered":"https:\/\/cpts-itineraire-sante.fr\/annonces\/all-categories\/"},"modified":"2024-07-01T17:17:23","modified_gmt":"2024-07-01T15:17:23","slug":"all-categories","status":"publish","type":"page","link":"https:\/\/cpts-itineraire-sante.fr\/annonces\/","title":{"rendered":"All Categories"},"content":{"rendered":"<p>[et_pb_section fb_built=\u00a0\u00bb1&Prime; _builder_version=\u00a0\u00bb4.16&Prime; custom_padding=\u00a0\u00bb15px||9px|||\u00a0\u00bb global_colors_info=\u00a0\u00bb{}\u00a0\u00bb][et_pb_row _builder_version=\u00a0\u00bb4.25.2&Prime; _module_preset=\u00a0\u00bbdefault\u00a0\u00bb background_color=\u00a0\u00bb#06899f\u00a0\u00bb width=\u00a0\u00bb100%\u00a0\u00bb max_width=\u00a0\u00bb100%\u00a0\u00bb global_colors_info=\u00a0\u00bb{}\u00a0\u00bb][et_pb_column type=\u00a0\u00bb4_4&Prime; _builder_version=\u00a0\u00bb4.25.2&Prime; _module_preset=\u00a0\u00bbdefault\u00a0\u00bb global_colors_info=\u00a0\u00bb{}\u00a0\u00bb][et_pb_text _builder_version=\u00a0\u00bb4.25.2&Prime; _module_preset=\u00a0\u00bbdefault\u00a0\u00bb header_font=\u00a0\u00bbComfortaa||||||||\u00a0\u00bb header_text_color=\u00a0\u00bb#FFFFFF\u00a0\u00bb header_font_size=\u00a0\u00bb26px\u00a0\u00bb width=\u00a0\u00bb80%\u00a0\u00bb module_alignment=\u00a0\u00bbcenter\u00a0\u00bb custom_margin=\u00a0\u00bb||-3px|||\u00a0\u00bb custom_padding=\u00a0\u00bb9px||0px|||\u00a0\u00bb global_colors_info=\u00a0\u00bb{}\u00a0\u00bb]<\/p>\n<h1>Petites Annonces CPTS<\/h1>\n<p>[\/et_pb_text][\/et_pb_column][\/et_pb_row][\/et_pb_section][et_pb_section fb_built=\u00a0\u00bb1&Prime; _builder_version=\u00a0\u00bb4.16&Prime; custom_padding=\u00a0\u00bb13px|||||\u00a0\u00bb global_colors_info=\u00a0\u00bb{}\u00a0\u00bb][et_pb_row _builder_version=\u00a0\u00bb4.16&Prime; background_size=\u00a0\u00bbinitial\u00a0\u00bb background_position=\u00a0\u00bbtop_left\u00a0\u00bb background_repeat=\u00a0\u00bbrepeat\u00a0\u00bb custom_margin=\u00a0\u00bb11px|auto||auto||\u00a0\u00bb custom_padding=\u00a0\u00bb20px|||||\u00a0\u00bb global_colors_info=\u00a0\u00bb{}\u00a0\u00bb][et_pb_column type=\u00a0\u00bb4_4&Prime; _builder_version=\u00a0\u00bb4.16&Prime; custom_padding=\u00a0\u00bb|||\u00a0\u00bb global_colors_info=\u00a0\u00bb{}\u00a0\u00bb custom_padding__hover=\u00a0\u00bb|||\u00a0\u00bb][et_pb_text _builder_version=\u00a0\u00bb4.25.2&Prime; _module_preset=\u00a0\u00bbdefault\u00a0\u00bb text_font=\u00a0\u00bb&#8211;et_global_body_font||||||||\u00a0\u00bb text_font_size=\u00a0\u00bb16px\u00a0\u00bb text_line_height=\u00a0\u00bb1.8em\u00a0\u00bb max_width=\u00a0\u00bb96%\u00a0\u00bb module_alignment=\u00a0\u00bbcenter\u00a0\u00bb custom_margin=\u00a0\u00bb||50px|||\u00a0\u00bb global_colors_info=\u00a0\u00bb{}\u00a0\u00bb]<\/p>\n<p style=\"text-align: justify;\"><strong>Bienvenue sur notre espace d&rsquo;annonces !<\/strong><br \/>Notre plateforme est con\u00e7ue pour faciliter les \u00e9changes et les connexions entre les professionnels de sant\u00e9.<br \/>Que vous soyez \u00e0 la recherche d&rsquo;un nouveau lieu de travail, d&rsquo;un partenaire de collaboration, d\u2019une cession ou simplement de discussions sur des sujets communs, notre espace est l\u00e0 pour vous accompagner.<br \/><strong>Rejoignez notre CPTS et d\u00e9couvrez toutes les possibilit\u00e9s qui s&rsquo;offrent \u00e0 vous !<\/strong><\/p>\n<p>[\/et_pb_text][et_pb_text _builder_version=\u00a0\u00bb4.25.2&Prime; header_font=\u00a0\u00bb&#8211;et_global_body_font||||||||\u00a0\u00bb header_font_size=\u00a0\u00bb20px\u00a0\u00bb header_line_height=\u00a0\u00bb1.4em\u00a0\u00bb background_size=\u00a0\u00bbinitial\u00a0\u00bb background_position=\u00a0\u00bbtop_left\u00a0\u00bb background_repeat=\u00a0\u00bbrepeat\u00a0\u00bb custom_margin=\u00a0\u00bb-9px||||false|false\u00a0\u00bb custom_padding=\u00a0\u00bb||||false|false\u00a0\u00bb global_colors_info=\u00a0\u00bb{}\u00a0\u00bb]<\/p>\n\n<div id=\"directorist\" class=\"atbd_wrapper directorist-w-100\">\n    <div class=\"directorist-container-fluid\">\n        <div class=\"directorist-categories\" data-attrs=\"{&quot;view&quot;:&quot;grid&quot;,&quot;orderby&quot;:&quot;id&quot;,&quot;order&quot;:&quot;asc&quot;,&quot;cat_per_page&quot;:100,&quot;loc_per_page&quot;:100,&quot;columns&quot;:4,&quot;slug&quot;:&quot;&quot;,&quot;logged_in_user_only&quot;:&quot;&quot;,&quot;redirect_page_url&quot;:&quot;&quot;,&quot;directory_type&quot;:&quot;&quot;,&quot;default_directory_type&quot;:&quot;&quot;,&quot;type&quot;:&quot;category&quot;}\">\n                                        <div class=\"directorist-row taxonomy-category-wrapper\">\n                                            <div class=\"directorist-col-3\">\n                            <div class=\"directorist-categories__single directorist-categories__single--image directorist-categories__single--style-one\" style=\"background-image: url('https:\/\/cpts-itineraire-sante.fr\/annonces\/wp-content\/uploads\/2024\/06\/2.jpg')\">\n                                <div class=\"directorist-categories__single__content\">\n                                                                        <a href=\"https:\/\/cpts-itineraire-sante.fr\/annonces\/single-category\/associations\/\" class=\"directorist-categories__single__name\">\n                                        Associations \/ Cessions                                    <\/a>\n                                                                            <div class=\"directorist-categories__single__total\">\n                                            <span class='directorist-category-count'>0<\/span> <span class=\"directorist-category-term\">listing<\/span>                                        <\/div>\n                                                                    <\/div>\n                            <\/div>\n                        <\/div>\n                                            <div class=\"directorist-col-3\">\n                            <div class=\"directorist-categories__single directorist-categories__single--image directorist-categories__single--style-one\" style=\"background-image: url('https:\/\/cpts-itineraire-sante.fr\/annonces\/wp-content\/uploads\/2024\/06\/3.jpg')\">\n                                <div class=\"directorist-categories__single__content\">\n                                                                        <a href=\"https:\/\/cpts-itineraire-sante.fr\/annonces\/single-category\/remplacements\/\" class=\"directorist-categories__single__name\">\n                                        Remplacements                                    <\/a>\n                                                                            <div class=\"directorist-categories__single__total\">\n                                            <span class='directorist-category-count'>6<\/span> <span class=\"directorist-category-term\">Annonces<\/span>                                        <\/div>\n                                                                    <\/div>\n                            <\/div>\n                        <\/div>\n                                            <div class=\"directorist-col-3\">\n                            <div class=\"directorist-categories__single directorist-categories__single--image directorist-categories__single--style-one\" style=\"background-image: url('https:\/\/cpts-itineraire-sante.fr\/annonces\/wp-content\/uploads\/2024\/06\/4.jpg')\">\n                                <div class=\"directorist-categories__single__content\">\n                                                                        <a href=\"https:\/\/cpts-itineraire-sante.fr\/annonces\/single-category\/locaux\/\" class=\"directorist-categories__single__name\">\n                                        Locaux                                    <\/a>\n                                                                            <div class=\"directorist-categories__single__total\">\n                                            <span class='directorist-category-count'>5<\/span> <span class=\"directorist-category-term\">Annonces<\/span>                                        <\/div>\n                                                                    <\/div>\n                            <\/div>\n                        <\/div>\n                                            <div class=\"directorist-col-3\">\n                            <div class=\"directorist-categories__single directorist-categories__single--image directorist-categories__single--style-one\" style=\"background-image: url('https:\/\/cpts-itineraire-sante.fr\/annonces\/wp-content\/uploads\/2024\/06\/1.jpg')\">\n                                <div class=\"directorist-categories__single__content\">\n                                                                        <a href=\"https:\/\/cpts-itineraire-sante.fr\/annonces\/single-category\/espace-echanges\/\" class=\"directorist-categories__single__name\">\n                                        Espace d&#039;\u00e9changes                                    <\/a>\n                                                                            <div class=\"directorist-categories__single__total\">\n                                            <span class='directorist-category-count'>0<\/span> <span class=\"directorist-category-term\">listing<\/span>                                        <\/div>\n                                                                    <\/div>\n                            <\/div>\n                        <\/div>\n                                                        <\/div>\n                    <\/div>\n    <\/div>\n<\/div>\n\n\n<p>[\/et_pb_text][\/et_pb_column][\/et_pb_row][\/et_pb_section]<\/p>\n","protected":false},"excerpt":{"rendered":"<p>Petites Annonces CPTSBienvenue sur notre espace d&rsquo;annonces !Notre plateforme est con\u00e7ue pour faciliter les \u00e9changes et les connexions entre les professionnels de sant\u00e9.Que vous soyez \u00e0 la recherche d&rsquo;un nouveau lieu de travail, d&rsquo;un partenaire de collaboration, d\u2019une cession ou simplement de discussions sur des sujets communs, notre espace est l\u00e0 pour vous accompagner.Rejoignez notre [&hellip;]<\/p>\n","protected":false},"author":1,"featured_media":0,"parent":0,"menu_order":0,"comment_status":"closed","ping_status":"closed","template":"","meta":{"_et_pb_use_builder":"on","_et_pb_old_content":"<p>[directorist_all_categories]<\/p>","_et_gb_content_width":"","footnotes":""},"class_list":["post-35","page","type-page","status-publish","hentry"],"_links":{"self":[{"href":"https:\/\/cpts-itineraire-sante.fr\/annonces\/wp-json\/wp\/v2\/pages\/35","targetHints":{"allow":["GET"]}}],"collection":[{"href":"https:\/\/cpts-itineraire-sante.fr\/annonces\/wp-json\/wp\/v2\/pages"}],"about":[{"href":"https:\/\/cpts-itineraire-sante.fr\/annonces\/wp-json\/wp\/v2\/types\/page"}],"author":[{"embeddable":true,"href":"https:\/\/cpts-itineraire-sante.fr\/annonces\/wp-json\/wp\/v2\/users\/1"}],"replies":[{"embeddable":true,"href":"https:\/\/cpts-itineraire-sante.fr\/annonces\/wp-json\/wp\/v2\/comments?post=35"}],"version-history":[{"count":40,"href":"https:\/\/cpts-itineraire-sante.fr\/annonces\/wp-json\/wp\/v2\/pages\/35\/revisions"}],"predecessor-version":[{"id":323,"href":"https:\/\/cpts-itineraire-sante.fr\/annonces\/wp-json\/wp\/v2\/pages\/35\/revisions\/323"}],"wp:attachment":[{"href":"https:\/\/cpts-itineraire-sante.fr\/annonces\/wp-json\/wp\/v2\/media?parent=35"}],"curies":[{"name":"wp","href":"https:\/\/api.w.org\/{rel}","templated":true}]}}